{"id":1567,"date":"2024-01-12T15:15:29","date_gmt":"2024-01-12T20:15:29","guid":{"rendered":"https:\/\/yprcanada.com\/resultats\/muji-canada\/"},"modified":"2024-01-24T15:45:42","modified_gmt":"2024-01-24T20:45:42","slug":"muji-canada","status":"publish","type":"page","link":"https:\/\/yprcanada.com\/fr\/resultats\/muji-canada\/","title":{"rendered":"MUJI Canada"},"content":{"rendered":"<p><img decoding=\"async\" src=\"\/wp-content\/uploads\/line-12.svg\" alt=\"\"><\/p>\n<div><span>\u00c9tude de cas<\/span><\/div>\n<h1>MUJI Canada<\/h1>\n<p><video src=\"\/wp-content\/uploads\/2024\/01\/MUJI-Final-Render.mp4\" poster=\"\"><\/video><\/p>\n<h2>D\u00e9fi<\/h2>\n<div>\n<p>En 2014, MUJI est entr\u00e9 sur le march\u00e9 canadien mais a eu du mal \u00e0 obtenir la reconnaissance grand public de concurrents tels que IKEA et UNIQLO.<\/p>\n<p>Cette campagne visait \u00e0 renforcer la notori\u00e9t\u00e9 de la marque en engageant divers groupes de m\u00e9dias et d&rsquo;influenceurs gr\u00e2ce \u00e0 une exp\u00e9rience de marque unique en personne.<\/p>\n<p>Renforcer la pr\u00e9sence locale de la marque en captivant l&rsquo;attention du public et des clients existants de MUJI \u00e9tait un objectif secondaire.<\/p>\n<\/div>\n<p><img decoding=\"async\" src=\"\/wp-content\/uploads\/2024\/01\/Cherry-Blossom-case-picture.jpg\" alt=\"\"><\/p>\n<h2>Solution<\/h2>\n<div>\n<p>MUJI n&rsquo;avait jamais organis\u00e9 un grand \u00e9v\u00e9nement au Canada pour impliquer les m\u00e9dias et les influenceurs, et souhaitait le faire. Nous avons puis\u00e9 dans les racines japonaises de MUJI en c\u00e9l\u00e9brant la saison des cerisiers en fleurs, en nous alignant sur l&rsquo;int\u00e9r\u00eat local de Toronto pour l&rsquo;observation des cerisiers en fleurs. Nous avons mis l&rsquo;accent sur l&rsquo;int\u00e9gration dans la communaut\u00e9 et l&rsquo;authenticit\u00e9, en collaborant avec des fournisseurs locaux pour refl\u00e9ter la saveur unique de Toronto.<\/p>\n<p>Nous avons soigneusement s\u00e9lectionn\u00e9 notre liste d&rsquo;invitations pour inclure un large \u00e9ventail de m\u00e9dias et d&rsquo;influenceurs qui sont en harmonie avec les produits de MUJI. Nous avons privil\u00e9gi\u00e9 l&rsquo;invitation de nano et micro-influenceurs ayant de solides liens avec leur public et une probabilit\u00e9 de g\u00e9n\u00e9rer du contenu sur place, ainsi que ceux ayant des relations de marque existantes.<\/p>\n<p>Enfin, MUJI entretient d&rsquo;excellentes relations avec ses clients fid\u00e8les et souhaitait profiter de l&rsquo;\u00e9v\u00e9nement pour continuer \u00e0 les cultiver. Un nombre limit\u00e9 de billets \u00e9tait disponible sur Eventbrite pour le grand public. Pour nous assurer que nous offrions toujours aux m\u00e9dias une exp\u00e9rience intime, nous avons r\u00e9serv\u00e9 une heure exclusive aux VIP pour vivre le Festival des cerisiers en fleurs.<\/p>\n<\/div>\n<h2>Impact<\/h2>\n<blockquote>\n<p>12 million d&rsquo;impressions&#8230;<\/p>\n<\/blockquote>\n<div>\n<p class=\"p1\">Le Festival des Cerisiers en Fleurs de MUJI a r\u00e9ussi \u00e0 positionner la marque sur le march\u00e9 canadien, en exploitant ses racines japonaises tout en s&rsquo;engageant de mani\u00e8re authentique avec la diversit\u00e9 culturelle de Toronto. L&rsquo;\u00e9v\u00e9nement a renforc\u00e9 la notori\u00e9t\u00e9 de la marque gr\u00e2ce \u00e0 des partenariats strat\u00e9giques, en mettant l&rsquo;accent sur les influenceurs locaux et l&rsquo;engagement communautaire, et a renforc\u00e9 l&rsquo;image de MUJI en tant que marque qui c\u00e9l\u00e8bre et int\u00e8gre les valeurs locales. La campagne a accru la visibilit\u00e9 de la marque et a \u00e9tabli MUJI en tant que d\u00e9taillant ax\u00e9 sur la communaut\u00e9 et ax\u00e9 sur l&rsquo;exp\u00e9rience, ouvrant la voie \u00e0 sa croissance continue au Canada.<\/p>\n<\/div>\n<div>\n<p>        <img decoding=\"async\" src=\"\/wp-content\/uploads\/2024\/01\/MUJI-white.png\" alt=\"\"><\/p>\n<div>MUJI Canada<\/div>\n<\/div>\n<div>\n<p>Ann\u00e9e<\/p>\n<\/div>\n<div>\n<p>2023<\/p>\n<\/div>\n<div>\n<p>Cat\u00e9gorie<\/p>\n<\/div>\n<div>\n<p>\u00c9v\u00e9nement &#8211; Marketing d&rsquo;influenceur<\/p>\n<\/div>\n<p><!--more--><br \/>\n<!-- {\"type\":\"layout\",\"children\":[{\"type\":\"section\",\"props\":{\"class\":\"uk-position-relative\",\"header_transparent\":\"dark\",\"header_transparent_noplaceholder\":false,\"image_position\":\"center-center\",\"padding\":\"large\",\"padding_remove_horizontal\":false,\"style\":\"primary\",\"title_breakpoint\":\"xl\",\"title_position\":\"top-left\",\"title_rotation\":\"left\",\"vertical_align\":\"\",\"width\":\"\"},\"children\":[{\"type\":\"row\",\"children\":[{\"type\":\"column\",\"props\":{\"css\":\".el-column > * { position: static; }\",\"image_position\":\"center-center\",\"position_sticky_breakpoint\":\"m\"},\"children\":[{\"type\":\"image\",\"props\":{\"css\":\".el-image { max-width: 40vw; }\",\"image\":\"wp-content\\\/uploads\\\/line-12.svg\",\"image_height\":\"630\",\"image_svg_animate\":true,\"image_svg_color\":\"emphasis\",\"image_svg_inline\":true,\"image_width\":\"580\",\"margin\":\"default\",\"position\":\"absolute\",\"position_left\":\"0\",\"position_top\":\"0\",\"position_z_index\":\"0\",\"text_align\":\"left\",\"visibility\":\"m\"}}]}]},{\"type\":\"row\",\"props\":{\"width\":\"small\"},\"children\":[{\"type\":\"column\",\"props\":{\"image_position\":\"center-center\",\"position_sticky_breakpoint\":\"m\"},\"children\":[{\"type\":\"headline\",\"props\":{\"content\":\"<span>\\u00c9tude de cas<\\\/span>\",\"link_style\":true,\"margin\":\"small\",\"position\":\"relative\",\"position_z_index\":\"1\",\"title_element\":\"div\"}},{\"type\":\"headline\",\"props\":{\"content\":\"MUJI Canada\",\"margin\":\"large\",\"margin_remove_top\":true,\"position\":\"relative\",\"position_z_index\":\"1\",\"title_element\":\"h1\",\"title_style\":\"heading-medium\"}}]}]},{\"type\":\"row\",\"props\":{\"margin\":\"large\",\"padding_remove_horizontal\":false,\"width\":\"small\",\"width_expand\":\"right\"},\"children\":[{\"type\":\"column\",\"props\":{\"image_position\":\"center-center\",\"position_sticky_breakpoint\":\"m\"},\"children\":[{\"type\":\"video\",\"props\":{\"container_padding_remove\":true,\"margin\":\"default\",\"video\":\"wp-content\\\/uploads\\\/2024\\\/01\\\/MUJI-Final-Render.mp4\",\"video_autoplay\":\"inview\",\"video_controls\":true,\"video_lazyload\":true,\"video_loop\":true,\"video_muted\":false}}]}]},{\"type\":\"row\",\"props\":{\"column_gap\":\"large\",\"layout\":\"2-3,1-3\",\"width\":\"small\"},\"children\":[{\"type\":\"column\",\"props\":{\"image_position\":\"center-center\",\"position_sticky_breakpoint\":\"m\",\"width_medium\":\"2-3\"},\"children\":[{\"type\":\"headline\",\"props\":{\"content\":\"D\\u00e9fi\",\"title_element\":\"h2\"}},{\"type\":\"text\",\"props\":{\"column_breakpoint\":\"m\",\"content\":\"\n\n<p>En 2014, MUJI est entr\\u00e9 sur le march\\u00e9 canadien mais a eu du mal \\u00e0 obtenir la reconnaissance grand public de concurrents tels que IKEA et UNIQLO.<\\\/p>\\n\n\n<p>Cette campagne visait \\u00e0 renforcer la notori\\u00e9t\\u00e9 de la marque en engageant divers groupes de m\\u00e9dias et d'influenceurs gr\\u00e2ce \\u00e0 une exp\\u00e9rience de marque unique en personne.<\\\/p>\\n\n\n<p>Renforcer la pr\\u00e9sence locale de la marque en captivant l'attention du public et des clients existants de MUJI \\u00e9tait un objectif secondaire.<\\\/p>\",\"margin\":\"default\",\"text_align\":\"justify\"}},{\"type\":\"image\",\"props\":{\"image\":\"wp-content\\\/uploads\\\/2024\\\/01\\\/Cherry-Blossom-case-picture.jpg\",\"image_svg_color\":\"emphasis\",\"margin\":\"default\"}},{\"type\":\"headline\",\"props\":{\"content\":\"Solution\",\"title_element\":\"h2\"}},{\"type\":\"text\",\"props\":{\"column_breakpoint\":\"m\",\"content\":\"\n\n<p>MUJI n'avait jamais organis\\u00e9 un grand \\u00e9v\\u00e9nement au Canada pour impliquer les m\\u00e9dias et les influenceurs, et souhaitait le faire. Nous avons puis\\u00e9 dans les racines japonaises de MUJI en c\\u00e9l\\u00e9brant la saison des cerisiers en fleurs, en nous alignant sur l'int\\u00e9r\\u00eat local de Toronto pour l'observation des cerisiers en fleurs. Nous avons mis l'accent sur l'int\\u00e9gration dans la communaut\\u00e9 et l'authenticit\\u00e9, en collaborant avec des fournisseurs locaux pour refl\\u00e9ter la saveur unique de Toronto.<\\\/p>\\n\n\n<p>Nous avons soigneusement s\\u00e9lectionn\\u00e9 notre liste d'invitations pour inclure un large \\u00e9ventail de m\\u00e9dias et d'influenceurs qui sont en harmonie avec les produits de MUJI. Nous avons privil\\u00e9gi\\u00e9 l'invitation de nano et micro-influenceurs ayant de solides liens avec leur public et une probabilit\\u00e9 de g\\u00e9n\\u00e9rer du contenu sur place, ainsi que ceux ayant des relations de marque existantes.<\\\/p>\\n\n\n<p>Enfin, MUJI entretient d'excellentes relations avec ses clients fid\\u00e8les et souhaitait profiter de l'\\u00e9v\\u00e9nement pour continuer \\u00e0 les cultiver. Un nombre limit\\u00e9 de billets \\u00e9tait disponible sur Eventbrite pour le grand public. Pour nous assurer que nous offrions toujours aux m\\u00e9dias une exp\\u00e9rience intime, nous avons r\\u00e9serv\\u00e9 une heure exclusive aux VIP pour vivre le Festival des cerisiers en fleurs.<\\\/p>\",\"margin\":\"default\",\"text_align\":\"justify\"}},{\"type\":\"headline\",\"props\":{\"content\":\"Impact\",\"title_element\":\"h2\"}},{\"type\":\"quotation\",\"props\":{\"content\":\"\n\n<p>12 million d'impressions...<\\\/p>\"}},{\"type\":\"text\",\"props\":{\"column_breakpoint\":\"m\",\"content\":\"\n\n<p class=\\\"p1\\\">Le Festival des Cerisiers en Fleurs de MUJI a r\\u00e9ussi \\u00e0 positionner la marque sur le march\\u00e9 canadien, en exploitant ses racines japonaises tout en s'engageant de mani\\u00e8re authentique avec la diversit\\u00e9 culturelle de Toronto. L'\\u00e9v\\u00e9nement a renforc\\u00e9 la notori\\u00e9t\\u00e9 de la marque gr\\u00e2ce \\u00e0 des partenariats strat\\u00e9giques, en mettant l'accent sur les influenceurs locaux et l'engagement communautaire, et a renforc\\u00e9 l'image de MUJI en tant que marque qui c\\u00e9l\\u00e8bre et int\\u00e8gre les valeurs locales. La campagne a accru la visibilit\\u00e9 de la marque et a \\u00e9tabli MUJI en tant que d\\u00e9taillant ax\\u00e9 sur la communaut\\u00e9 et ax\\u00e9 sur l'exp\\u00e9rience, ouvrant la voie \\u00e0 sa croissance continue au Canada.<\\\/p>\",\"margin\":\"default\",\"text_align\":\"justify\"}}]},{\"type\":\"column\",\"props\":{\"image_position\":\"center-center\",\"position_sticky_breakpoint\":\"m\",\"width_medium\":\"1-3\"},\"children\":[{\"type\":\"panel\",\"props\":{\"content\":\"\",\"content_column_breakpoint\":\"m\",\"content_margin\":\"small\",\"icon_width\":80,\"image\":\"wp-content\\\/uploads\\\/2024\\\/01\\\/MUJI-white.png\",\"image_align\":\"top\",\"image_grid_breakpoint\":\"m\",\"image_grid_width\":\"1-2\",\"image_height\":\"90\",\"image_svg_color\":\"emphasis\",\"image_width\":\"90\",\"link_style\":\"default\",\"link_text\":\"Read more\",\"margin\":\"default\",\"meta_align\":\"below-title\",\"meta_element\":\"div\",\"meta_style\":\"text-meta\",\"title\":\"MUJI Canada\",\"title_align\":\"top\",\"title_element\":\"div\",\"title_grid_breakpoint\":\"m\",\"title_grid_width\":\"1-2\",\"title_hover_style\":\"reset\",\"title_style\":\"h4\"}},{\"type\":\"text\",\"props\":{\"column_breakpoint\":\"m\",\"content\":\"\n\n<p>Ann\\u00e9e<\\\/p>\",\"margin\":\"medium\",\"margin_remove_bottom\":true,\"text_style\":\"meta\"}},{\"type\":\"text\",\"props\":{\"column_breakpoint\":\"m\",\"content\":\"\n\n<p>2023<\\\/p>\",\"margin\":\"small\",\"margin_remove_bottom\":false}},{\"type\":\"text\",\"props\":{\"column_breakpoint\":\"m\",\"content\":\"\n\n<p>Cat\\u00e9gorie<\\\/p>\",\"margin\":\"medium\",\"margin_remove_bottom\":true,\"text_style\":\"meta\"}},{\"type\":\"text\",\"props\":{\"column_breakpoint\":\"m\",\"content\":\"\n\n<p>\\u00c9v\\u00e9nement - Marketing d'influenceur<\\\/p>\",\"margin\":\"small\",\"margin_remove_bottom\":false}}]}]}],\"name\":\"Post\"}],\"version\":\"4.2.12\"} --><\/p>\n","protected":false},"excerpt":{"rendered":"<p>\u00c9tude de cas MUJI Canada D\u00e9fi En 2014, MUJI est entr\u00e9 sur le march\u00e9 canadien mais a eu du mal \u00e0 obtenir la reconnaissance grand public de concurrents tels que IKEA et UNIQLO. Cette campagne visait \u00e0 renforcer la notori\u00e9t\u00e9 de la marque en engageant divers groupes de m\u00e9dias et d&rsquo;influenceurs gr\u00e2ce \u00e0 une exp\u00e9rience [&hellip;]<\/p>\n","protected":false},"author":6,"featured_media":0,"parent":682,"menu_order":0,"comment_status":"closed","ping_status":"closed","template":"","meta":{"footnotes":""},"class_list":["post-1567","page","type-page","status-publish","hentry"],"yoast_head":"<!-- This site is optimized with the Yoast SEO plugin v27.3 - https:\/\/yoast.com\/product\/yoast-seo-wordpress\/ -->\n<title>MUJI Canada - YPR<\/title>\n<meta name=\"description\" content=\"This case study recaps the process of our development and execution of MUJI Canada&#039;s Cherry Blossom Festival influencer event.\" \/>\n<meta name=\"robots\" content=\"index, follow, max-snippet:-1, max-image-preview:large, max-video-preview:-1\" \/>\n<link rel=\"canonical\" href=\"https:\/\/yprcanada.com\/fr\/resultats\/muji-canada\/\" \/>\n<meta property=\"og:locale\" content=\"fr_FR\" \/>\n<meta property=\"og:type\" content=\"article\" \/>\n<meta property=\"og:title\" content=\"MUJI Canada - YPR\" \/>\n<meta property=\"og:description\" content=\"This case study recaps the process of our development and execution of MUJI Canada&#039;s Cherry Blossom Festival influencer event.\" \/>\n<meta property=\"og:url\" content=\"https:\/\/yprcanada.com\/fr\/resultats\/muji-canada\/\" \/>\n<meta property=\"og:site_name\" content=\"YPR\" \/>\n<meta property=\"article:publisher\" content=\"https:\/\/www.facebook.com\/YPRcan\" \/>\n<meta property=\"article:modified_time\" content=\"2024-01-24T20:45:42+00:00\" \/>\n<meta property=\"og:image\" content=\"https:\/\/yprcanada.com\/wp-content\/uploads\/2022\/01\/home-hero.png\" \/>\n\t<meta property=\"og:image:width\" content=\"1360\" \/>\n\t<meta property=\"og:image:height\" content=\"2065\" \/>\n\t<meta property=\"og:image:type\" content=\"image\/png\" \/>\n<meta name=\"twitter:card\" content=\"summary_large_image\" \/>\n<meta name=\"twitter:site\" content=\"@ypr_canada\" \/>\n<meta name=\"twitter:label1\" content=\"Dur\u00e9e de lecture estim\u00e9e\" \/>\n\t<meta name=\"twitter:data1\" content=\"3 minutes\" \/>\n<script type=\"application\/ld+json\" class=\"yoast-schema-graph\">{\"@context\":\"https:\\\/\\\/schema.org\",\"@graph\":[{\"@type\":\"WebPage\",\"@id\":\"https:\\\/\\\/yprcanada.com\\\/fr\\\/resultats\\\/muji-canada\\\/\",\"url\":\"https:\\\/\\\/yprcanada.com\\\/fr\\\/resultats\\\/muji-canada\\\/\",\"name\":\"MUJI Canada - YPR\",\"isPartOf\":{\"@id\":\"https:\\\/\\\/yprcanada.com\\\/fr\\\/#website\"},\"datePublished\":\"2024-01-12T20:15:29+00:00\",\"dateModified\":\"2024-01-24T20:45:42+00:00\",\"description\":\"This case study recaps the process of our development and execution of MUJI Canada's Cherry Blossom Festival influencer event.\",\"breadcrumb\":{\"@id\":\"https:\\\/\\\/yprcanada.com\\\/fr\\\/resultats\\\/muji-canada\\\/#breadcrumb\"},\"inLanguage\":\"fr-FR\",\"potentialAction\":[{\"@type\":\"ReadAction\",\"target\":[\"https:\\\/\\\/yprcanada.com\\\/fr\\\/resultats\\\/muji-canada\\\/\"]}]},{\"@type\":\"BreadcrumbList\",\"@id\":\"https:\\\/\\\/yprcanada.com\\\/fr\\\/resultats\\\/muji-canada\\\/#breadcrumb\",\"itemListElement\":[{\"@type\":\"ListItem\",\"position\":1,\"name\":\"Home\",\"item\":\"https:\\\/\\\/yprcanada.com\\\/fr\\\/\"},{\"@type\":\"ListItem\",\"position\":2,\"name\":\"R\u00e9sultats\",\"item\":\"https:\\\/\\\/yprcanada.com\\\/fr\\\/resultats\\\/\"},{\"@type\":\"ListItem\",\"position\":3,\"name\":\"MUJI Canada\"}]},{\"@type\":\"WebSite\",\"@id\":\"https:\\\/\\\/yprcanada.com\\\/fr\\\/#website\",\"url\":\"https:\\\/\\\/yprcanada.com\\\/fr\\\/\",\"name\":\"YPR\",\"description\":\"Public Relations - Relations publiques - Toronto | Los Angeles | Montr\u00e9al\",\"publisher\":{\"@id\":\"https:\\\/\\\/yprcanada.com\\\/fr\\\/#organization\"},\"potentialAction\":[{\"@type\":\"SearchAction\",\"target\":{\"@type\":\"EntryPoint\",\"urlTemplate\":\"https:\\\/\\\/yprcanada.com\\\/fr\\\/?s={search_term_string}\"},\"query-input\":{\"@type\":\"PropertyValueSpecification\",\"valueRequired\":true,\"valueName\":\"search_term_string\"}}],\"inLanguage\":\"fr-FR\"},{\"@type\":\"Organization\",\"@id\":\"https:\\\/\\\/yprcanada.com\\\/fr\\\/#organization\",\"name\":\"YPR Canada\",\"url\":\"https:\\\/\\\/yprcanada.com\\\/fr\\\/\",\"logo\":{\"@type\":\"ImageObject\",\"inLanguage\":\"fr-FR\",\"@id\":\"https:\\\/\\\/yprcanada.com\\\/fr\\\/#\\\/schema\\\/logo\\\/image\\\/\",\"url\":\"https:\\\/\\\/yprcanada.com\\\/wp-content\\\/uploads\\\/2021\\\/11\\\/ypr-black.svg\",\"contentUrl\":\"https:\\\/\\\/yprcanada.com\\\/wp-content\\\/uploads\\\/2021\\\/11\\\/ypr-black.svg\",\"width\":1,\"height\":1,\"caption\":\"YPR Canada\"},\"image\":{\"@id\":\"https:\\\/\\\/yprcanada.com\\\/fr\\\/#\\\/schema\\\/logo\\\/image\\\/\"},\"sameAs\":[\"https:\\\/\\\/www.facebook.com\\\/YPRcan\",\"https:\\\/\\\/x.com\\\/ypr_canada\",\"https:\\\/\\\/www.instagram.com\\\/ypr.canada\\\/\",\"https:\\\/\\\/www.linkedin.com\\\/company\\\/yprcanada\\\/mycompany\\\/\"]}]}<\/script>\n<!-- \/ Yoast SEO plugin. -->","yoast_head_json":{"title":"MUJI Canada - YPR","description":"This case study recaps the process of our development and execution of MUJI Canada's Cherry Blossom Festival influencer event.","robots":{"index":"index","follow":"follow","max-snippet":"max-snippet:-1","max-image-preview":"max-image-preview:large","max-video-preview":"max-video-preview:-1"},"canonical":"https:\/\/yprcanada.com\/fr\/resultats\/muji-canada\/","og_locale":"fr_FR","og_type":"article","og_title":"MUJI Canada - YPR","og_description":"This case study recaps the process of our development and execution of MUJI Canada's Cherry Blossom Festival influencer event.","og_url":"https:\/\/yprcanada.com\/fr\/resultats\/muji-canada\/","og_site_name":"YPR","article_publisher":"https:\/\/www.facebook.com\/YPRcan","article_modified_time":"2024-01-24T20:45:42+00:00","og_image":[{"width":1360,"height":2065,"url":"https:\/\/yprcanada.com\/wp-content\/uploads\/2022\/01\/home-hero.png","type":"image\/png"}],"twitter_card":"summary_large_image","twitter_site":"@ypr_canada","twitter_misc":{"Dur\u00e9e de lecture estim\u00e9e":"3 minutes"},"schema":{"@context":"https:\/\/schema.org","@graph":[{"@type":"WebPage","@id":"https:\/\/yprcanada.com\/fr\/resultats\/muji-canada\/","url":"https:\/\/yprcanada.com\/fr\/resultats\/muji-canada\/","name":"MUJI Canada - YPR","isPartOf":{"@id":"https:\/\/yprcanada.com\/fr\/#website"},"datePublished":"2024-01-12T20:15:29+00:00","dateModified":"2024-01-24T20:45:42+00:00","description":"This case study recaps the process of our development and execution of MUJI Canada's Cherry Blossom Festival influencer event.","breadcrumb":{"@id":"https:\/\/yprcanada.com\/fr\/resultats\/muji-canada\/#breadcrumb"},"inLanguage":"fr-FR","potentialAction":[{"@type":"ReadAction","target":["https:\/\/yprcanada.com\/fr\/resultats\/muji-canada\/"]}]},{"@type":"BreadcrumbList","@id":"https:\/\/yprcanada.com\/fr\/resultats\/muji-canada\/#breadcrumb","itemListElement":[{"@type":"ListItem","position":1,"name":"Home","item":"https:\/\/yprcanada.com\/fr\/"},{"@type":"ListItem","position":2,"name":"R\u00e9sultats","item":"https:\/\/yprcanada.com\/fr\/resultats\/"},{"@type":"ListItem","position":3,"name":"MUJI Canada"}]},{"@type":"WebSite","@id":"https:\/\/yprcanada.com\/fr\/#website","url":"https:\/\/yprcanada.com\/fr\/","name":"YPR","description":"Public Relations - Relations publiques - Toronto | Los Angeles | Montr\u00e9al","publisher":{"@id":"https:\/\/yprcanada.com\/fr\/#organization"},"potentialAction":[{"@type":"SearchAction","target":{"@type":"EntryPoint","urlTemplate":"https:\/\/yprcanada.com\/fr\/?s={search_term_string}"},"query-input":{"@type":"PropertyValueSpecification","valueRequired":true,"valueName":"search_term_string"}}],"inLanguage":"fr-FR"},{"@type":"Organization","@id":"https:\/\/yprcanada.com\/fr\/#organization","name":"YPR Canada","url":"https:\/\/yprcanada.com\/fr\/","logo":{"@type":"ImageObject","inLanguage":"fr-FR","@id":"https:\/\/yprcanada.com\/fr\/#\/schema\/logo\/image\/","url":"https:\/\/yprcanada.com\/wp-content\/uploads\/2021\/11\/ypr-black.svg","contentUrl":"https:\/\/yprcanada.com\/wp-content\/uploads\/2021\/11\/ypr-black.svg","width":1,"height":1,"caption":"YPR Canada"},"image":{"@id":"https:\/\/yprcanada.com\/fr\/#\/schema\/logo\/image\/"},"sameAs":["https:\/\/www.facebook.com\/YPRcan","https:\/\/x.com\/ypr_canada","https:\/\/www.instagram.com\/ypr.canada\/","https:\/\/www.linkedin.com\/company\/yprcanada\/mycompany\/"]}]}},"_links":{"self":[{"href":"https:\/\/yprcanada.com\/fr\/wp-json\/wp\/v2\/pages\/1567","targetHints":{"allow":["GET"]}}],"collection":[{"href":"https:\/\/yprcanada.com\/fr\/wp-json\/wp\/v2\/pages"}],"about":[{"href":"https:\/\/yprcanada.com\/fr\/wp-json\/wp\/v2\/types\/page"}],"author":[{"embeddable":true,"href":"https:\/\/yprcanada.com\/fr\/wp-json\/wp\/v2\/users\/6"}],"replies":[{"embeddable":true,"href":"https:\/\/yprcanada.com\/fr\/wp-json\/wp\/v2\/comments?post=1567"}],"version-history":[{"count":1,"href":"https:\/\/yprcanada.com\/fr\/wp-json\/wp\/v2\/pages\/1567\/revisions"}],"predecessor-version":[{"id":1568,"href":"https:\/\/yprcanada.com\/fr\/wp-json\/wp\/v2\/pages\/1567\/revisions\/1568"}],"up":[{"embeddable":true,"href":"https:\/\/yprcanada.com\/fr\/wp-json\/wp\/v2\/pages\/682"}],"wp:attachment":[{"href":"https:\/\/yprcanada.com\/fr\/wp-json\/wp\/v2\/media?parent=1567"}],"curies":[{"name":"wp","href":"https:\/\/api.w.org\/{rel}","templated":true}]}}