{"id":1059,"date":"2021-10-21T18:21:08","date_gmt":"2021-10-21T22:21:08","guid":{"rendered":"https:\/\/yprcanada.com\/?page_id=1059"},"modified":"2023-09-27T12:53:49","modified_gmt":"2023-09-27T16:53:49","slug":"politique-de-confidentialite","status":"publish","type":"page","link":"https:\/\/yprcanada.com\/fr\/politique-de-confidentialite\/","title":{"rendered":"Politique de confidentialit\u00e9"},"content":{"rendered":"\n<p><strong>Introduction<\/strong><\/p>\n\n\n\n<p>Chez YPR Canada Inc., nous nous engageons \u00e0 prot\u00e9ger votre vie priv\u00e9e. Cette politique de confidentialit\u00e9 explique comment nous collectons, utilisons et prot\u00e9geons vos donn\u00e9es personnelles.<\/p>\n\n\n\n<hr class=\"wp-block-separator has-alpha-channel-opacity\"\/>\n\n\n\n<p><strong>Types de donn\u00e9es collect\u00e9es<\/strong><\/p>\n\n\n\n<p>Nous collectons les types de donn\u00e9es suivants :<\/p>\n\n\n\n<ul class=\"wp-block-list\">\n<li>Nom<\/li>\n\n\n\n<li>Pr\u00e9nom<\/li>\n\n\n\n<li>Adresse \u00e9lectronique<\/li>\n\n\n\n<li>Num\u00e9ro de t\u00e9l\u00e9phone<\/li>\n<\/ul>\n\n\n\n<hr class=\"wp-block-separator has-alpha-channel-opacity\"\/>\n\n\n\n<p><strong>M\u00e9thodes de collecte<\/strong><\/p>\n\n\n\n<p>Les donn\u00e9es sont collect\u00e9es via :<\/p>\n\n\n\n<ul class=\"wp-block-list\">\n<li>Formulaires sur notre site web<\/li>\n\n\n\n<li>Google Analytics<\/li>\n<\/ul>\n\n\n\n<hr class=\"wp-block-separator has-alpha-channel-opacity\"\/>\n\n\n\n<p><strong>Cookies et outils de suivi<\/strong><\/p>\n\n\n\n<p>Nous utilisons des cookies et d&rsquo;autres technologies de suivi pour am\u00e9liorer votre exp\u00e9rience de navigation sur notre site, pour comprendre comment vous interagissez avec notre site et pour collecter des statistiques de visite.<\/p>\n\n\n\n<p><strong>Google Analytics<\/strong><\/p>\n\n\n\n<p>Nous utilisons Google Analytics pour nous aider \u00e0 comprendre comment notre site est utilis\u00e9. Google Analytics recueille des informations telles que la fr\u00e9quence de visite des utilisateurs, les pages qu&rsquo;ils consultent et d&rsquo;autres sites web qu&rsquo;ils ont utilis\u00e9s avant de venir sur notre site.<\/p>\n\n\n\n<p><strong>WordPress<\/strong><\/p>\n\n\n\n<p>Notre site est construit sur la plateforme WordPress, qui peut utiliser des cookies pour v\u00e9rifier si vous \u00eates connect\u00e9, pour sauvegarder des pr\u00e9f\u00e9rences de navigation et pour d&rsquo;autres fonctionnalit\u00e9s qui visent \u00e0 am\u00e9liorer votre exp\u00e9rience utilisateur.<\/p>\n\n\n\n<p><strong>Contr\u00f4le des cookies<\/strong><\/p>\n\n\n\n<p>Vous pouvez contr\u00f4ler et\/ou supprimer les cookies comme vous le souhaitez. Pour en savoir plus, consultez aboutcookies.org.<\/p>\n\n\n\n<hr class=\"wp-block-separator has-alpha-channel-opacity\"\/>\n\n\n\n<p><strong>Consentement<\/strong><\/p>\n\n\n\n<p>Un consentement explicite est requis pour la collecte et l&rsquo;utilisation de vos donn\u00e9es personnelles.<\/p>\n\n\n\n<hr class=\"wp-block-separator has-alpha-channel-opacity\"\/>\n\n\n\n<p><strong>Utilisation des donn\u00e9es<\/strong><\/p>\n\n\n\n<p>Nous utilisons vos donn\u00e9es pour :<\/p>\n\n\n\n<ul class=\"wp-block-list\">\n<li>Vous envoyer des informations et des offres promotionnelles<\/li>\n\n\n\n<li>Vous contacter en cas de besoin<\/li>\n<\/ul>\n\n\n\n<hr class=\"wp-block-separator has-alpha-channel-opacity\"\/>\n\n\n\n<p><strong>Partage des donn\u00e9es<\/strong><\/p>\n\n\n\n<p>Vos donn\u00e9es ne sont pas partag\u00e9es avec des tiers, \u00e0 l&rsquo;exception de Google Analytics.<\/p>\n\n\n\n<hr class=\"wp-block-separator has-alpha-channel-opacity\"\/>\n\n\n\n<p><strong>Transfert international<\/strong><\/p>\n\n\n\n<p>Les donn\u00e9es collect\u00e9es restent principalement au Canada.<\/p>\n\n\n\n<hr class=\"wp-block-separator has-alpha-channel-opacity\"\/>\n\n\n\n<p><strong>S\u00e9curit\u00e9 des donn\u00e9es<\/strong><\/p>\n\n\n\n<p>Nous utilisons des mesures de s\u00e9curit\u00e9 telles que des certificats SSL et la double authentification pour prot\u00e9ger vos donn\u00e9es.<\/p>\n\n\n\n<hr class=\"wp-block-separator has-alpha-channel-opacity\"\/>\n\n\n\n<p><strong>Droits des utilisateurs<\/strong><\/p>\n\n\n\n<p>Vous avez le droit de :<\/p>\n\n\n\n<ul class=\"wp-block-list\">\n<li>Acc\u00e9der \u00e0 vos donn\u00e9es<\/li>\n\n\n\n<li>Les rectifier<\/li>\n\n\n\n<li>Demander leur suppression<\/li>\n<\/ul>\n\n\n\n<p>Pour exercer ces droits, contactez-nous via les moyens fournis.<\/p>\n\n\n\n<hr class=\"wp-block-separator has-alpha-channel-opacity\"\/>\n\n\n\n<p><strong>Notification en cas de fuite<\/strong><\/p>\n\n\n\n<p>En cas de fuite de donn\u00e9es, nous informerons les utilisateurs concern\u00e9s par courriel.<\/p>\n\n\n\n<hr class=\"wp-block-separator has-alpha-channel-opacity\"\/>\n\n\n\n<p><strong>Responsable de la protection des donn\u00e9es<\/strong><\/p>\n\n\n\n<p>Le responsable de la protection des donn\u00e9es est Yanik Desch\u00eanes, pr\u00e9sident de YPR Canada Inc.<\/p>\n\n\n\n<hr class=\"wp-block-separator has-alpha-channel-opacity\"\/>\n\n\n\n<p><strong>R\u00e9vision et mise \u00e0 jour<\/strong><\/p>\n\n\n\n<p>Cette politique de confidentialit\u00e9 est r\u00e9vis\u00e9e et mise \u00e0 jour une fois par an.<\/p>\n\n\n\n<hr class=\"wp-block-separator has-alpha-channel-opacity\"\/>\n\n\n\n<p><strong>Contact<\/strong><\/p>\n\n\n\n<p>Pour toute question ou pr\u00e9occupation :<\/p>\n\n\n\n<ul class=\"wp-block-list\">\n<li>Adresse : <br>12102-1 Place Ville Marie<br>Montr\u00e9al, QC\u00a0<br>Canada<br>H3B 3Y1<\/li>\n\n\n\n<li>Courriel : info@yprcanada.com<\/li>\n\n\n\n<li>T\u00e9l\u00e9phone : +15142822200<\/li>\n<\/ul>\n","protected":false},"excerpt":{"rendered":"<p>Introduction Chez YPR Canada Inc., nous nous engageons \u00e0 prot\u00e9ger votre vie priv\u00e9e. Cette politique de confidentialit\u00e9 explique comment nous collectons, utilisons et prot\u00e9geons vos donn\u00e9es personnelles. Types de donn\u00e9es collect\u00e9es Nous collectons les types de donn\u00e9es suivants : M\u00e9thodes de collecte Les donn\u00e9es sont collect\u00e9es via : Cookies et outils de suivi Nous utilisons [&hellip;]<\/p>\n","protected":false},"author":1,"featured_media":0,"parent":0,"menu_order":0,"comment_status":"closed","ping_status":"closed","template":"","meta":{"footnotes":""},"class_list":["post-1059","page","type-page","status-publish","hentry"],"yoast_head":"<!-- This site is optimized with the Yoast SEO plugin v27.3 - https:\/\/yoast.com\/product\/yoast-seo-wordpress\/ -->\n<title>Politique de confidentialit\u00e9 - YPR<\/title>\n<meta name=\"robots\" content=\"index, follow, max-snippet:-1, max-image-preview:large, max-video-preview:-1\" \/>\n<link rel=\"canonical\" href=\"https:\/\/yprcanada.com\/fr\/politique-de-confidentialite\/\" \/>\n<meta property=\"og:locale\" content=\"fr_FR\" \/>\n<meta property=\"og:type\" content=\"article\" \/>\n<meta property=\"og:title\" content=\"Politique de confidentialit\u00e9 - YPR\" \/>\n<meta property=\"og:description\" content=\"Introduction Chez YPR Canada Inc., nous nous engageons \u00e0 prot\u00e9ger votre vie priv\u00e9e. Cette politique de confidentialit\u00e9 explique comment nous collectons, utilisons et prot\u00e9geons vos donn\u00e9es personnelles. Types de donn\u00e9es collect\u00e9es Nous collectons les types de donn\u00e9es suivants : M\u00e9thodes de collecte Les donn\u00e9es sont collect\u00e9es via : Cookies et outils de suivi Nous utilisons [&hellip;]\" \/>\n<meta property=\"og:url\" content=\"https:\/\/yprcanada.com\/fr\/politique-de-confidentialite\/\" \/>\n<meta property=\"og:site_name\" content=\"YPR\" \/>\n<meta property=\"article:publisher\" content=\"https:\/\/www.facebook.com\/YPRcan\" \/>\n<meta property=\"article:modified_time\" content=\"2023-09-27T16:53:49+00:00\" \/>\n<meta property=\"og:image\" content=\"https:\/\/yprcanada.com\/wp-content\/uploads\/2022\/01\/home-hero.png\" \/>\n\t<meta property=\"og:image:width\" content=\"1360\" \/>\n\t<meta property=\"og:image:height\" content=\"2065\" \/>\n\t<meta property=\"og:image:type\" content=\"image\/png\" \/>\n<meta name=\"twitter:card\" content=\"summary_large_image\" \/>\n<meta name=\"twitter:site\" content=\"@ypr_canada\" \/>\n<meta name=\"twitter:label1\" content=\"Dur\u00e9e de lecture estim\u00e9e\" \/>\n\t<meta name=\"twitter:data1\" content=\"2 minutes\" \/>\n<script type=\"application\/ld+json\" class=\"yoast-schema-graph\">{\"@context\":\"https:\\\/\\\/schema.org\",\"@graph\":[{\"@type\":\"WebPage\",\"@id\":\"https:\\\/\\\/yprcanada.com\\\/fr\\\/politique-de-confidentialite\\\/\",\"url\":\"https:\\\/\\\/yprcanada.com\\\/fr\\\/politique-de-confidentialite\\\/\",\"name\":\"Politique de confidentialit\u00e9 - YPR\",\"isPartOf\":{\"@id\":\"https:\\\/\\\/yprcanada.com\\\/fr\\\/#website\"},\"datePublished\":\"2021-10-21T22:21:08+00:00\",\"dateModified\":\"2023-09-27T16:53:49+00:00\",\"breadcrumb\":{\"@id\":\"https:\\\/\\\/yprcanada.com\\\/fr\\\/politique-de-confidentialite\\\/#breadcrumb\"},\"inLanguage\":\"fr-FR\",\"potentialAction\":[{\"@type\":\"ReadAction\",\"target\":[\"https:\\\/\\\/yprcanada.com\\\/fr\\\/politique-de-confidentialite\\\/\"]}]},{\"@type\":\"BreadcrumbList\",\"@id\":\"https:\\\/\\\/yprcanada.com\\\/fr\\\/politique-de-confidentialite\\\/#breadcrumb\",\"itemListElement\":[{\"@type\":\"ListItem\",\"position\":1,\"name\":\"Home\",\"item\":\"https:\\\/\\\/yprcanada.com\\\/fr\\\/\"},{\"@type\":\"ListItem\",\"position\":2,\"name\":\"Politique de confidentialit\u00e9\"}]},{\"@type\":\"WebSite\",\"@id\":\"https:\\\/\\\/yprcanada.com\\\/fr\\\/#website\",\"url\":\"https:\\\/\\\/yprcanada.com\\\/fr\\\/\",\"name\":\"YPR\",\"description\":\"Public Relations - Relations publiques - Toronto | Los Angeles | Montr\u00e9al\",\"publisher\":{\"@id\":\"https:\\\/\\\/yprcanada.com\\\/fr\\\/#organization\"},\"potentialAction\":[{\"@type\":\"SearchAction\",\"target\":{\"@type\":\"EntryPoint\",\"urlTemplate\":\"https:\\\/\\\/yprcanada.com\\\/fr\\\/?s={search_term_string}\"},\"query-input\":{\"@type\":\"PropertyValueSpecification\",\"valueRequired\":true,\"valueName\":\"search_term_string\"}}],\"inLanguage\":\"fr-FR\"},{\"@type\":\"Organization\",\"@id\":\"https:\\\/\\\/yprcanada.com\\\/fr\\\/#organization\",\"name\":\"YPR Canada\",\"url\":\"https:\\\/\\\/yprcanada.com\\\/fr\\\/\",\"logo\":{\"@type\":\"ImageObject\",\"inLanguage\":\"fr-FR\",\"@id\":\"https:\\\/\\\/yprcanada.com\\\/fr\\\/#\\\/schema\\\/logo\\\/image\\\/\",\"url\":\"https:\\\/\\\/yprcanada.com\\\/wp-content\\\/uploads\\\/2021\\\/11\\\/ypr-black.svg\",\"contentUrl\":\"https:\\\/\\\/yprcanada.com\\\/wp-content\\\/uploads\\\/2021\\\/11\\\/ypr-black.svg\",\"width\":1,\"height\":1,\"caption\":\"YPR Canada\"},\"image\":{\"@id\":\"https:\\\/\\\/yprcanada.com\\\/fr\\\/#\\\/schema\\\/logo\\\/image\\\/\"},\"sameAs\":[\"https:\\\/\\\/www.facebook.com\\\/YPRcan\",\"https:\\\/\\\/x.com\\\/ypr_canada\",\"https:\\\/\\\/www.instagram.com\\\/ypr.canada\\\/\",\"https:\\\/\\\/www.linkedin.com\\\/company\\\/yprcanada\\\/mycompany\\\/\"]}]}<\/script>\n<!-- \/ Yoast SEO plugin. -->","yoast_head_json":{"title":"Politique de confidentialit\u00e9 - YPR","robots":{"index":"index","follow":"follow","max-snippet":"max-snippet:-1","max-image-preview":"max-image-preview:large","max-video-preview":"max-video-preview:-1"},"canonical":"https:\/\/yprcanada.com\/fr\/politique-de-confidentialite\/","og_locale":"fr_FR","og_type":"article","og_title":"Politique de confidentialit\u00e9 - YPR","og_description":"Introduction Chez YPR Canada Inc., nous nous engageons \u00e0 prot\u00e9ger votre vie priv\u00e9e. Cette politique de confidentialit\u00e9 explique comment nous collectons, utilisons et prot\u00e9geons vos donn\u00e9es personnelles. Types de donn\u00e9es collect\u00e9es Nous collectons les types de donn\u00e9es suivants : M\u00e9thodes de collecte Les donn\u00e9es sont collect\u00e9es via : Cookies et outils de suivi Nous utilisons [&hellip;]","og_url":"https:\/\/yprcanada.com\/fr\/politique-de-confidentialite\/","og_site_name":"YPR","article_publisher":"https:\/\/www.facebook.com\/YPRcan","article_modified_time":"2023-09-27T16:53:49+00:00","og_image":[{"width":1360,"height":2065,"url":"https:\/\/yprcanada.com\/wp-content\/uploads\/2022\/01\/home-hero.png","type":"image\/png"}],"twitter_card":"summary_large_image","twitter_site":"@ypr_canada","twitter_misc":{"Dur\u00e9e de lecture estim\u00e9e":"2 minutes"},"schema":{"@context":"https:\/\/schema.org","@graph":[{"@type":"WebPage","@id":"https:\/\/yprcanada.com\/fr\/politique-de-confidentialite\/","url":"https:\/\/yprcanada.com\/fr\/politique-de-confidentialite\/","name":"Politique de confidentialit\u00e9 - YPR","isPartOf":{"@id":"https:\/\/yprcanada.com\/fr\/#website"},"datePublished":"2021-10-21T22:21:08+00:00","dateModified":"2023-09-27T16:53:49+00:00","breadcrumb":{"@id":"https:\/\/yprcanada.com\/fr\/politique-de-confidentialite\/#breadcrumb"},"inLanguage":"fr-FR","potentialAction":[{"@type":"ReadAction","target":["https:\/\/yprcanada.com\/fr\/politique-de-confidentialite\/"]}]},{"@type":"BreadcrumbList","@id":"https:\/\/yprcanada.com\/fr\/politique-de-confidentialite\/#breadcrumb","itemListElement":[{"@type":"ListItem","position":1,"name":"Home","item":"https:\/\/yprcanada.com\/fr\/"},{"@type":"ListItem","position":2,"name":"Politique de confidentialit\u00e9"}]},{"@type":"WebSite","@id":"https:\/\/yprcanada.com\/fr\/#website","url":"https:\/\/yprcanada.com\/fr\/","name":"YPR","description":"Public Relations - Relations publiques - Toronto | Los Angeles | Montr\u00e9al","publisher":{"@id":"https:\/\/yprcanada.com\/fr\/#organization"},"potentialAction":[{"@type":"SearchAction","target":{"@type":"EntryPoint","urlTemplate":"https:\/\/yprcanada.com\/fr\/?s={search_term_string}"},"query-input":{"@type":"PropertyValueSpecification","valueRequired":true,"valueName":"search_term_string"}}],"inLanguage":"fr-FR"},{"@type":"Organization","@id":"https:\/\/yprcanada.com\/fr\/#organization","name":"YPR Canada","url":"https:\/\/yprcanada.com\/fr\/","logo":{"@type":"ImageObject","inLanguage":"fr-FR","@id":"https:\/\/yprcanada.com\/fr\/#\/schema\/logo\/image\/","url":"https:\/\/yprcanada.com\/wp-content\/uploads\/2021\/11\/ypr-black.svg","contentUrl":"https:\/\/yprcanada.com\/wp-content\/uploads\/2021\/11\/ypr-black.svg","width":1,"height":1,"caption":"YPR Canada"},"image":{"@id":"https:\/\/yprcanada.com\/fr\/#\/schema\/logo\/image\/"},"sameAs":["https:\/\/www.facebook.com\/YPRcan","https:\/\/x.com\/ypr_canada","https:\/\/www.instagram.com\/ypr.canada\/","https:\/\/www.linkedin.com\/company\/yprcanada\/mycompany\/"]}]}},"_links":{"self":[{"href":"https:\/\/yprcanada.com\/fr\/wp-json\/wp\/v2\/pages\/1059","targetHints":{"allow":["GET"]}}],"collection":[{"href":"https:\/\/yprcanada.com\/fr\/wp-json\/wp\/v2\/pages"}],"about":[{"href":"https:\/\/yprcanada.com\/fr\/wp-json\/wp\/v2\/types\/page"}],"author":[{"embeddable":true,"href":"https:\/\/yprcanada.com\/fr\/wp-json\/wp\/v2\/users\/1"}],"replies":[{"embeddable":true,"href":"https:\/\/yprcanada.com\/fr\/wp-json\/wp\/v2\/comments?post=1059"}],"version-history":[{"count":3,"href":"https:\/\/yprcanada.com\/fr\/wp-json\/wp\/v2\/pages\/1059\/revisions"}],"predecessor-version":[{"id":1387,"href":"https:\/\/yprcanada.com\/fr\/wp-json\/wp\/v2\/pages\/1059\/revisions\/1387"}],"wp:attachment":[{"href":"https:\/\/yprcanada.com\/fr\/wp-json\/wp\/v2\/media?parent=1059"}],"curies":[{"name":"wp","href":"https:\/\/api.w.org\/{rel}","templated":true}]}}